{"id":28,"date":"2025-03-11T08:55:53","date_gmt":"2025-03-11T08:55:53","guid":{"rendered":"https:\/\/estasenrestrepo.com\/our-restaurant\/"},"modified":"2025-06-04T12:22:51","modified_gmt":"2025-06-04T12:22:51","slug":"ultramarinos","status":"publish","type":"page","link":"https:\/\/estasenrestrepo.com\/en\/ultramarinos\/","title":{"rendered":"ULTRAMARINOS"},"content":{"rendered":"<div data-elementor-type=\"wp-page\" data-elementor-id=\"28\" class=\"elementor elementor-28\">\n\t\t\t\t<div class=\"elementor-element elementor-element-6bc649c4 e-flex e-con-boxed e-con e-parent\" data-id=\"6bc649c4\" data-element_type=\"container\">\n\t\t\t\t\t<div class=\"e-con-inner\">\n\t\t\t\t<div class=\"elementor-element elementor-element-70294c0a elementor-invisible elementor-widget elementor-widget-codesymbol-big-title\" data-id=\"70294c0a\" data-element_type=\"widget\" data-settings=\"{&quot;_animation&quot;:&quot;fadeIn&quot;}\" data-widget_type=\"codesymbol-big-title.default\">\n\t\t\t\t<div class=\"elementor-widget-container\">\n\t\t\t\t\t\r\n            <div class=\"big-title textcenter\">\r\n\r\n                                    <p class=\"subtitle style-border-top color-accent\">Ultramarinos Restrepo<\/p>\r\n                    \r\n                <h1 class=\"style-low-margin\">The heart of this corner<\/h1>\r\n\r\n                \r\n            <\/div>\r\n\r\n            \t\t\t\t<\/div>\n\t\t\t\t<\/div>\n\t\t\t\t<div class=\"elementor-element elementor-element-5cfdc49c animated-slow elementor-invisible elementor-widget elementor-widget-image\" data-id=\"5cfdc49c\" data-element_type=\"widget\" data-settings=\"{&quot;_animation&quot;:&quot;fadeInUp&quot;}\" data-widget_type=\"image.default\">\n\t\t\t\t\t\t\t\t\t\t\t\t\t\t\t<img fetchpriority=\"high\" decoding=\"async\" width=\"2560\" height=\"1707\" src=\"https:\/\/estasenrestrepo.com\/wp-content\/uploads\/2025\/03\/Restrepo-100-scaled.jpg\" class=\"attachment-full size-full wp-image-583\" alt=\"\" srcset=\"https:\/\/estasenrestrepo.com\/wp-content\/uploads\/2025\/03\/Restrepo-100-scaled.jpg 2560w, https:\/\/estasenrestrepo.com\/wp-content\/uploads\/2025\/03\/Restrepo-100-300x200.jpg 300w, https:\/\/estasenrestrepo.com\/wp-content\/uploads\/2025\/03\/Restrepo-100-1024x683.jpg 1024w, https:\/\/estasenrestrepo.com\/wp-content\/uploads\/2025\/03\/Restrepo-100-768x512.jpg 768w, https:\/\/estasenrestrepo.com\/wp-content\/uploads\/2025\/03\/Restrepo-100-1536x1024.jpg 1536w, https:\/\/estasenrestrepo.com\/wp-content\/uploads\/2025\/03\/Restrepo-100-2048x1366.jpg 2048w\" sizes=\"(max-width: 2560px) 100vw, 2560px\" \/>\t\t\t\t\t\t\t\t\t\t\t\t\t\t\t<\/div>\n\t\t\t\t<div class=\"elementor-element elementor-element-1b341a7d elementor-widget elementor-widget-text-editor\" data-id=\"1b341a7d\" data-element_type=\"widget\" data-widget_type=\"text-editor.default\">\n\t\t\t\t\t\t\t\t\t<h2 style=\"text-align: center;\">Rub\u00e9n and Natalia's project, a space created with their own hands. The convergence of two different worlds imprinted in every nook and cranny.<!-- notionvc: 7c588463-ccce-4608-bccb-590e5d25a734 --><\/h2>\t\t\t\t\t\t\t\t<\/div>\n\t\t\t\t\t<\/div>\n\t\t\t\t<\/div>\n\t\t<div class=\"elementor-element elementor-element-2c690a7a e-con-full e-flex e-con e-parent\" data-id=\"2c690a7a\" data-element_type=\"container\">\n\t\t<div class=\"elementor-element elementor-element-686a85da e-con-full e-flex e-con e-child\" data-id=\"686a85da\" data-element_type=\"container\">\n\t\t\t\t<div class=\"elementor-element elementor-element-6e9e3ef animated-slow elementor-invisible elementor-widget elementor-widget-image\" data-id=\"6e9e3ef\" data-element_type=\"widget\" data-settings=\"{&quot;_animation&quot;:&quot;fadeInUp&quot;}\" data-widget_type=\"image.default\">\n\t\t\t\t\t\t\t\t\t\t\t\t\t\t\t<img decoding=\"async\" src=\"https:\/\/estasenrestrepo.com\/wp-content\/uploads\/elementor\/thumbs\/Restrepo-166-r5u4tybfy4s4tut4zk88vlk1p83omvu0z6gqb2qptk.jpg\" title=\"Restrepo\" alt=\"Restrepo\" loading=\"lazy\" \/>\t\t\t\t\t\t\t\t\t\t\t\t\t\t\t<\/div>\n\t\t\t\t<\/div>\n\t\t<div class=\"elementor-element elementor-element-6fb7a1e7 e-con-full e-flex e-con e-child\" data-id=\"6fb7a1e7\" data-element_type=\"container\">\n\t\t\t\t<div class=\"elementor-element elementor-element-5614e876 animated-slow elementor-invisible elementor-widget elementor-widget-image\" data-id=\"5614e876\" data-element_type=\"widget\" data-settings=\"{&quot;_animation&quot;:&quot;fadeInUp&quot;,&quot;_animation_delay&quot;:100}\" data-widget_type=\"image.default\">\n\t\t\t\t\t\t\t\t\t\t\t\t\t\t\t<img decoding=\"async\" src=\"https:\/\/estasenrestrepo.com\/wp-content\/uploads\/2025\/05\/Hotel-Restrespo-30.jpg\" title=\"Restrepo\" alt=\"Restrepo\" loading=\"lazy\" \/>\t\t\t\t\t\t\t\t\t\t\t\t\t\t\t<\/div>\n\t\t\t\t<\/div>\n\t\t<div class=\"elementor-element elementor-element-53721c4b e-con-full e-flex e-con e-child\" data-id=\"53721c4b\" data-element_type=\"container\">\n\t\t\t\t<div class=\"elementor-element elementor-element-448332b3 animated-slow elementor-invisible elementor-widget elementor-widget-image\" data-id=\"448332b3\" data-element_type=\"widget\" data-settings=\"{&quot;_animation&quot;:&quot;fadeInUp&quot;,&quot;_animation_delay&quot;:120}\" data-widget_type=\"image.default\">\n\t\t\t\t\t\t\t\t\t\t\t\t\t\t\t<img decoding=\"async\" src=\"https:\/\/estasenrestrepo.com\/wp-content\/uploads\/elementor\/thumbs\/Restrepo-212-scaled-r31rphcxc1dhbgbwv0qsyxm7oir7ud51o7zcpmhp2w.jpg\" title=\"Restrepo\" alt=\"Restrepo\" loading=\"lazy\" \/>\t\t\t\t\t\t\t\t\t\t\t\t\t\t\t<\/div>\n\t\t\t\t<\/div>\n\t\t\t\t<\/div>\n\t\t<div class=\"elementor-element elementor-element-4affcd3e e-con-full e-flex e-con e-parent\" data-id=\"4affcd3e\" data-element_type=\"container\">\n\t\t\t\t<div class=\"elementor-element elementor-element-6364e7f elementor-widget elementor-widget-codesymbol-video-popup\" data-id=\"6364e7f\" data-element_type=\"widget\" data-widget_type=\"codesymbol-video-popup.default\">\n\t\t\t\t<div class=\"elementor-widget-container\">\n\t\t\t\t\t\r\n        <section class=\"video-popup-wrapper has-background\" style=\"background-image:url(https:\/\/estasenrestrepo.com\/wp-content\/uploads\/2025\/03\/Restrepo-127-scaled.jpg);\">\r\n            \r\n            <div class=\"popup-button\">\r\n\r\n                                \r\n            <\/div>\r\n\r\n        <\/section>\r\n\r\n        \t\t\t\t<\/div>\n\t\t\t\t<\/div>\n\t\t\t\t<\/div>\n\t\t<div class=\"elementor-element elementor-element-5c5af865 e-flex e-con-boxed e-con e-parent\" data-id=\"5c5af865\" data-element_type=\"container\">\n\t\t\t\t\t<div class=\"e-con-inner\">\n\t\t\t\t<div class=\"elementor-element elementor-element-4f6878b0 elementor-invisible elementor-widget elementor-widget-codesymbol-big-title\" data-id=\"4f6878b0\" data-element_type=\"widget\" data-settings=\"{&quot;_animation&quot;:&quot;fadeIn&quot;}\" data-widget_type=\"codesymbol-big-title.default\">\n\t\t\t\t<div class=\"elementor-widget-container\">\n\t\t\t\t\t\r\n            <div class=\"big-title textcenter\">\r\n\r\n                                    <p class=\"subtitle style-border-top color-accent\">It is a lush, flavourful, and joyful place.<\/p>\r\n                    \r\n                <h1 class=\"style-low-margin\">Here, you eat, you drink, you converse, you live<\/h1>\r\n\r\n                <h3>An open, fertile, and abundant pantry, nourished by carefully selected products and the desire to share them. A refuge, a meeting point, a simple village pleasure.<\/h3>\r\n            <\/div>\r\n\r\n            \t\t\t\t<\/div>\n\t\t\t\t<\/div>\n\t\t<div class=\"elementor-element elementor-element-25aaba7c e-con-full animated-slow e-flex elementor-invisible e-con e-child\" data-id=\"25aaba7c\" data-element_type=\"container\" data-settings=\"{&quot;animation&quot;:&quot;fadeIn&quot;,&quot;animation_delay&quot;:300}\">\n\t\t\t\t<div class=\"elementor-element elementor-element-1576bbd gallery-spacing-custom elementor-widget elementor-widget-image-gallery\" data-id=\"1576bbd\" data-element_type=\"widget\" data-widget_type=\"image-gallery.default\">\n\t\t\t\t\t\t\t<div class=\"elementor-image-gallery\">\n\t\t\t<div id='gallery-1' class='gallery galleryid-28 gallery-columns-3 gallery-size-full'><figure class='gallery-item'>\n\t\t\t<div class='gallery-icon portrait'>\n\t\t\t\t<a data-elementor-open-lightbox=\"yes\" data-elementor-lightbox-slideshow=\"1576bbd\" data-elementor-lightbox-title=\"Restrepo\" data-e-action-hash=\"#elementor-action%3Aaction%3Dlightbox%26settings%3DeyJpZCI6NTkwLCJ1cmwiOiJodHRwczpcL1wvZXN0YXNlbnJlc3RyZXBvLmNvbVwvd3AtY29udGVudFwvdXBsb2Fkc1wvMjAyNVwvMDNcL1Jlc3RyZXBvLTI2LXNjYWxlZC5qcGciLCJzbGlkZXNob3ciOiIxNTc2YmJkIn0%3D\" href='https:\/\/estasenrestrepo.com\/wp-content\/uploads\/2025\/03\/Restrepo-26-scaled.jpg'><img decoding=\"async\" width=\"1707\" height=\"2560\" src=\"https:\/\/estasenrestrepo.com\/wp-content\/uploads\/2025\/03\/Restrepo-26-scaled.jpg\" class=\"attachment-full size-full\" alt=\"\" srcset=\"https:\/\/estasenrestrepo.com\/wp-content\/uploads\/2025\/03\/Restrepo-26-scaled.jpg 1707w, https:\/\/estasenrestrepo.com\/wp-content\/uploads\/2025\/03\/Restrepo-26-200x300.jpg 200w, https:\/\/estasenrestrepo.com\/wp-content\/uploads\/2025\/03\/Restrepo-26-683x1024.jpg 683w, https:\/\/estasenrestrepo.com\/wp-content\/uploads\/2025\/03\/Restrepo-26-768x1152.jpg 768w, https:\/\/estasenrestrepo.com\/wp-content\/uploads\/2025\/03\/Restrepo-26-1024x1536.jpg 1024w, https:\/\/estasenrestrepo.com\/wp-content\/uploads\/2025\/03\/Restrepo-26-1366x2048.jpg 1366w\" sizes=\"(max-width: 1707px) 100vw, 1707px\" \/><\/a>\n\t\t\t<\/div><\/figure><figure class='gallery-item'>\n\t\t\t<div class='gallery-icon portrait'>\n\t\t\t\t<a data-elementor-open-lightbox=\"yes\" data-elementor-lightbox-slideshow=\"1576bbd\" data-elementor-lightbox-title=\"Restrepo\" data-e-action-hash=\"#elementor-action%3Aaction%3Dlightbox%26settings%3DeyJpZCI6NzIyLCJ1cmwiOiJodHRwczpcL1wvZXN0YXNlbnJlc3RyZXBvLmNvbVwvd3AtY29udGVudFwvdXBsb2Fkc1wvMjAyNVwvMDRcL1Jlc3RyZXBvLTMzLmpwZyIsInNsaWRlc2hvdyI6IjE1NzZiYmQifQ%3D%3D\" href='https:\/\/estasenrestrepo.com\/wp-content\/uploads\/2025\/04\/Restrepo-33.jpg'><img decoding=\"async\" width=\"1067\" height=\"1600\" src=\"https:\/\/estasenrestrepo.com\/wp-content\/uploads\/2025\/04\/Restrepo-33.jpg\" class=\"attachment-full size-full\" alt=\"\" srcset=\"https:\/\/estasenrestrepo.com\/wp-content\/uploads\/2025\/04\/Restrepo-33.jpg 1067w, https:\/\/estasenrestrepo.com\/wp-content\/uploads\/2025\/04\/Restrepo-33-200x300.jpg 200w, https:\/\/estasenrestrepo.com\/wp-content\/uploads\/2025\/04\/Restrepo-33-683x1024.jpg 683w, https:\/\/estasenrestrepo.com\/wp-content\/uploads\/2025\/04\/Restrepo-33-768x1152.jpg 768w, https:\/\/estasenrestrepo.com\/wp-content\/uploads\/2025\/04\/Restrepo-33-1024x1536.jpg 1024w\" sizes=\"(max-width: 1067px) 100vw, 1067px\" \/><\/a>\n\t\t\t<\/div><\/figure><figure class='gallery-item'>\n\t\t\t<div class='gallery-icon portrait'>\n\t\t\t\t<a data-elementor-open-lightbox=\"yes\" data-elementor-lightbox-slideshow=\"1576bbd\" data-elementor-lightbox-title=\"Restrepo\" data-e-action-hash=\"#elementor-action%3Aaction%3Dlightbox%26settings%3DeyJpZCI6NzI3LCJ1cmwiOiJodHRwczpcL1wvZXN0YXNlbnJlc3RyZXBvLmNvbVwvd3AtY29udGVudFwvdXBsb2Fkc1wvMjAyNVwvMDRcL1Jlc3RyZXBvLTE4Ni5qcGciLCJzbGlkZXNob3ciOiIxNTc2YmJkIn0%3D\" href='https:\/\/estasenrestrepo.com\/wp-content\/uploads\/2025\/04\/Restrepo-186.jpg'><img loading=\"lazy\" decoding=\"async\" width=\"1067\" height=\"1600\" src=\"https:\/\/estasenrestrepo.com\/wp-content\/uploads\/2025\/04\/Restrepo-186.jpg\" class=\"attachment-full size-full\" alt=\"\" srcset=\"https:\/\/estasenrestrepo.com\/wp-content\/uploads\/2025\/04\/Restrepo-186.jpg 1067w, https:\/\/estasenrestrepo.com\/wp-content\/uploads\/2025\/04\/Restrepo-186-200x300.jpg 200w, https:\/\/estasenrestrepo.com\/wp-content\/uploads\/2025\/04\/Restrepo-186-683x1024.jpg 683w, https:\/\/estasenrestrepo.com\/wp-content\/uploads\/2025\/04\/Restrepo-186-768x1152.jpg 768w, https:\/\/estasenrestrepo.com\/wp-content\/uploads\/2025\/04\/Restrepo-186-1024x1536.jpg 1024w\" sizes=\"(max-width: 1067px) 100vw, 1067px\" \/><\/a>\n\t\t\t<\/div><\/figure><figure class='gallery-item'>\n\t\t\t<div class='gallery-icon portrait'>\n\t\t\t\t<a data-elementor-open-lightbox=\"yes\" data-elementor-lightbox-slideshow=\"1576bbd\" data-elementor-lightbox-title=\"Restrepo\" data-e-action-hash=\"#elementor-action%3Aaction%3Dlightbox%26settings%3DeyJpZCI6NTkyLCJ1cmwiOiJodHRwczpcL1wvZXN0YXNlbnJlc3RyZXBvLmNvbVwvd3AtY29udGVudFwvdXBsb2Fkc1wvMjAyNVwvMDNcL1Jlc3RyZXBvLTE5LXNjYWxlZC5qcGciLCJzbGlkZXNob3ciOiIxNTc2YmJkIn0%3D\" href='https:\/\/estasenrestrepo.com\/wp-content\/uploads\/2025\/03\/Restrepo-19-scaled.jpg'><img loading=\"lazy\" decoding=\"async\" width=\"1707\" height=\"2560\" src=\"https:\/\/estasenrestrepo.com\/wp-content\/uploads\/2025\/03\/Restrepo-19-scaled.jpg\" class=\"attachment-full size-full\" alt=\"\" srcset=\"https:\/\/estasenrestrepo.com\/wp-content\/uploads\/2025\/03\/Restrepo-19-scaled.jpg 1707w, https:\/\/estasenrestrepo.com\/wp-content\/uploads\/2025\/03\/Restrepo-19-200x300.jpg 200w, https:\/\/estasenrestrepo.com\/wp-content\/uploads\/2025\/03\/Restrepo-19-683x1024.jpg 683w, https:\/\/estasenrestrepo.com\/wp-content\/uploads\/2025\/03\/Restrepo-19-768x1152.jpg 768w, https:\/\/estasenrestrepo.com\/wp-content\/uploads\/2025\/03\/Restrepo-19-1024x1536.jpg 1024w, https:\/\/estasenrestrepo.com\/wp-content\/uploads\/2025\/03\/Restrepo-19-1366x2048.jpg 1366w\" sizes=\"(max-width: 1707px) 100vw, 1707px\" \/><\/a>\n\t\t\t<\/div><\/figure><figure class='gallery-item'>\n\t\t\t<div class='gallery-icon portrait'>\n\t\t\t\t<a data-elementor-open-lightbox=\"yes\" data-elementor-lightbox-slideshow=\"1576bbd\" data-elementor-lightbox-title=\"Restrepo\" data-e-action-hash=\"#elementor-action%3Aaction%3Dlightbox%26settings%3DeyJpZCI6NzIzLCJ1cmwiOiJodHRwczpcL1wvZXN0YXNlbnJlc3RyZXBvLmNvbVwvd3AtY29udGVudFwvdXBsb2Fkc1wvMjAyNVwvMDRcL1Jlc3RyZXBvLTQ1LmpwZyIsInNsaWRlc2hvdyI6IjE1NzZiYmQifQ%3D%3D\" href='https:\/\/estasenrestrepo.com\/wp-content\/uploads\/2025\/04\/Restrepo-45.jpg'><img loading=\"lazy\" decoding=\"async\" width=\"1067\" height=\"1600\" src=\"https:\/\/estasenrestrepo.com\/wp-content\/uploads\/2025\/04\/Restrepo-45.jpg\" class=\"attachment-full size-full\" alt=\"\" srcset=\"https:\/\/estasenrestrepo.com\/wp-content\/uploads\/2025\/04\/Restrepo-45.jpg 1067w, https:\/\/estasenrestrepo.com\/wp-content\/uploads\/2025\/04\/Restrepo-45-200x300.jpg 200w, https:\/\/estasenrestrepo.com\/wp-content\/uploads\/2025\/04\/Restrepo-45-683x1024.jpg 683w, https:\/\/estasenrestrepo.com\/wp-content\/uploads\/2025\/04\/Restrepo-45-768x1152.jpg 768w, https:\/\/estasenrestrepo.com\/wp-content\/uploads\/2025\/04\/Restrepo-45-1024x1536.jpg 1024w\" sizes=\"(max-width: 1067px) 100vw, 1067px\" \/><\/a>\n\t\t\t<\/div><\/figure><figure class='gallery-item'>\n\t\t\t<div class='gallery-icon portrait'>\n\t\t\t\t<a data-elementor-open-lightbox=\"yes\" data-elementor-lightbox-slideshow=\"1576bbd\" data-elementor-lightbox-title=\"Restrepo\" data-e-action-hash=\"#elementor-action%3Aaction%3Dlightbox%26settings%3DeyJpZCI6NzI2LCJ1cmwiOiJodHRwczpcL1wvZXN0YXNlbnJlc3RyZXBvLmNvbVwvd3AtY29udGVudFwvdXBsb2Fkc1wvMjAyNVwvMDRcL1Jlc3RyZXBvLTE0Ny5qcGciLCJzbGlkZXNob3ciOiIxNTc2YmJkIn0%3D\" href='https:\/\/estasenrestrepo.com\/wp-content\/uploads\/2025\/04\/Restrepo-147.jpg'><img loading=\"lazy\" decoding=\"async\" width=\"1067\" height=\"1600\" src=\"https:\/\/estasenrestrepo.com\/wp-content\/uploads\/2025\/04\/Restrepo-147.jpg\" class=\"attachment-full size-full\" alt=\"\" srcset=\"https:\/\/estasenrestrepo.com\/wp-content\/uploads\/2025\/04\/Restrepo-147.jpg 1067w, https:\/\/estasenrestrepo.com\/wp-content\/uploads\/2025\/04\/Restrepo-147-200x300.jpg 200w, https:\/\/estasenrestrepo.com\/wp-content\/uploads\/2025\/04\/Restrepo-147-683x1024.jpg 683w, https:\/\/estasenrestrepo.com\/wp-content\/uploads\/2025\/04\/Restrepo-147-768x1152.jpg 768w, https:\/\/estasenrestrepo.com\/wp-content\/uploads\/2025\/04\/Restrepo-147-1024x1536.jpg 1024w\" sizes=\"(max-width: 1067px) 100vw, 1067px\" \/><\/a>\n\t\t\t<\/div><\/figure>\n\t\t<\/div>\n\t\t<\/div>\n\t\t\t\t\t\t<\/div>\n\t\t\t\t<\/div>\n\t\t\t\t\t<\/div>\n\t\t\t\t<\/div>\n\t\t<div class=\"elementor-element elementor-element-5b18b72c e-con-full e-flex e-con e-parent\" data-id=\"5b18b72c\" data-element_type=\"container\">\n\t\t\t\t<div class=\"elementor-element elementor-element-31f42b8c elementor-widget elementor-widget-codesymbol-testimonials\" data-id=\"31f42b8c\" data-element_type=\"widget\" data-widget_type=\"codesymbol-testimonials.default\">\n\t\t\t\t<div class=\"elementor-widget-container\">\n\t\t\t\t\t\r\n        <section class=\"testimonials has-background\" style=\"background-image:url(https:\/\/estasenrestrepo.com\/wp-content\/uploads\/2025\/03\/Restrepo-49-copia.jpg);\">\r\n\r\n            <div class=\"row space clearfix\">\r\n                <div class=\"column full\">\r\n\r\n                    <div class=\"section-wrapper-boxed textcenter\">\r\n                    \r\n                        <div class=\"big-title\">\r\n\r\n                                                            <p class=\"subtitle style-border-left-right color-accent\">Your experience is what matters to us the most<\/p>\r\n                                                                <h1 class=\"style-low-margin\">What our visitors say<\/h1>\r\n                                                            \r\n                        <\/div>\r\n\r\n                        <div class=\"divider70 hide-on-mobile\"><\/div>\r\n\r\n                    <\/div>\r\n\r\n                <\/div>\r\n            <\/div>\r\n\r\n            <div class=\"carousel-slider testimonials-slider\" data-allow-mousewheel=\"false\">\r\n                <div class=\"swiper-container\" id=\"testimonials-slider-923282\">\r\n                    \r\n                    <div class=\"swiper-wrapper\">\r\n\r\n                        \r\n                            <article class=\"swiper-slide\">\r\n                                <div class=\"inner\">\r\n\r\n                                    <div class=\"stars\">\r\n                                        <span class=\"icon-fa-star-o\"><\/span>\r\n                                        <span class=\"icon-fa-star-o\"><\/span>\r\n                                        <span class=\"icon-fa-star-o\"><\/span>\r\n                                        <span class=\"icon-fa-star-o\"><\/span>\r\n                                        <span class=\"icon-fa-star-o\"><\/span>\r\n                                    <\/div>\r\n\r\n                                    <div class=\"text\"><p>\"A charming place, we were very surprised to find such an original venue with such friendly service. The\u00a0<em>gildas<\/em>\u00a0were impressive, we will be back...\"\u00a0<\/p><\/div>\r\n\r\n                                    <div class=\"cite\">\r\n\r\n                                                                                    <span class=\"guest\">Mar Rodriguez<\/span>\r\n                                            \r\n                                        <span class=\"line\"><\/span>\r\n\r\n                                                                                    <span class=\"source\">Google<\/span>\r\n                                            \r\n                                    <\/div>\r\n\r\n                                <\/div>\r\n                            <\/article>\r\n\r\n                            \r\n                            <article class=\"swiper-slide\">\r\n                                <div class=\"inner\">\r\n\r\n                                    <div class=\"stars\">\r\n                                        <span class=\"icon-fa-star-o\"><\/span>\r\n                                        <span class=\"icon-fa-star-o\"><\/span>\r\n                                        <span class=\"icon-fa-star-o\"><\/span>\r\n                                        <span class=\"icon-fa-star-o\"><\/span>\r\n                                        <span class=\"icon-fa-star-o\"><\/span>\r\n                                    <\/div>\r\n\r\n                                    <div class=\"text\"><p>\"An establishment that is very enriching in every way. Innovative and with excellent service.\"<\/p><\/div>\r\n\r\n                                    <div class=\"cite\">\r\n\r\n                                                                                    <span class=\"guest\">Silvia L\u00f3pez<\/span>\r\n                                            \r\n                                        <span class=\"line\"><\/span>\r\n\r\n                                                                                    <span class=\"source\">Google<\/span>\r\n                                            \r\n                                    <\/div>\r\n\r\n                                <\/div>\r\n                            <\/article>\r\n\r\n                            \r\n                            <article class=\"swiper-slide\">\r\n                                <div class=\"inner\">\r\n\r\n                                    <div class=\"stars\">\r\n                                        <span class=\"icon-fa-star-o\"><\/span>\r\n                                        <span class=\"icon-fa-star-o\"><\/span>\r\n                                        <span class=\"icon-fa-star-o\"><\/span>\r\n                                        <span class=\"icon-fa-star-o\"><\/span>\r\n                                        <span class=\"icon-fa-star-o\"><\/span>\r\n                                    <\/div>\r\n\r\n                                    <div class=\"text\"><p>\"We will undoubtedly return. A spectacular and cozy place that blends the old with the contemporary. UNBEATABLE treatment, full of care, with quality local products.\"<\/p><\/div>\r\n\r\n                                    <div class=\"cite\">\r\n\r\n                                                                                    <span class=\"guest\">Travel63166998127<\/span>\r\n                                            \r\n                                        <span class=\"line\"><\/span>\r\n\r\n                                                                                    <span class=\"source\">Tripadvisor<\/span>\r\n                                            \r\n                                    <\/div>\r\n\r\n                                <\/div>\r\n                            <\/article>\r\n\r\n                                            \r\n                    <\/div>\r\n\r\n                    <p class=\"swiper-nav-prev\">Prev<\/p>\r\n                    <p class=\"swiper-nav-next\">Next<\/p>\r\n\r\n\r\n                <\/div>\r\n            <\/div>\r\n\r\n            <div class=\"divider80\"><\/div>\r\n\r\n            <div class=\"row no-space textcenter clearfix\">\r\n                <div class=\"column full\">\r\n\r\n                                            <a href=\"https:\/\/www.google.com\/search?sa=X&#038;sca_esv=41514daaec8f90aa&#038;rlz=1C5CHFA_enES1087ES1087&#038;hl=es-ES&#038;tbm=lcl&#038;q=Ultramarinos+Restrepo+Rese%C3%B1as&#038;rflfq=1&#038;num=20&#038;stick=H4sIAAAAAAAAAONgkxIxNDA0NjKyMDM3NTc0NDE3szCzNNjAyPiKUS40p6QoMTexKDMvv1ghKLW4pCi1IB_ESD28MbF4ESsBBQBUu4q4XQAAAA&#038;rldimm=10132286757114768690&#038;ved=2ahUKEwiVtayE3teNAxXlvycCHYk0NxsQ9fQKegQIXxAF&#038;cshid=1749039005975085&#038;biw=2560&#038;bih=1536&#038;dpr=2#lkt=LocalPoiReviews\" class=\"button large outline white no-margin\">View More Reviews<\/a>\r\n                        \r\n                <\/div>\r\n            <\/div>\r\n\r\n        <\/section>\r\n\r\n        \t\t\t\t<\/div>\n\t\t\t\t<\/div>\n\t\t\t\t<\/div>\n\t\t\t\t<\/div>","protected":false},"excerpt":{"rendered":"<p>Ultramarinos Restrepo El coraz\u00f3n de este rinc\u00f3n El proyecto de Rub\u00e9n y Natalia, un espacio creado por sus propias manos. La convergencia de dos mundos distintos impresa en cada rinc\u00f3n. Es un lugar exuberante, sabroso<br \/><a class=\"read-more\" href=\"https:\/\/estasenrestrepo.com\/en\/ultramarinos\/\">Read More<\/a><\/p>","protected":false},"author":1,"featured_media":0,"parent":0,"menu_order":0,"comment_status":"closed","ping_status":"closed","template":"","meta":{"footnotes":""},"class_list":["post-28","page","type-page","status-publish","hentry"],"_links":{"self":[{"href":"https:\/\/estasenrestrepo.com\/en\/wp-json\/wp\/v2\/pages\/28","targetHints":{"allow":["GET"]}}],"collection":[{"href":"https:\/\/estasenrestrepo.com\/en\/wp-json\/wp\/v2\/pages"}],"about":[{"href":"https:\/\/estasenrestrepo.com\/en\/wp-json\/wp\/v2\/types\/page"}],"author":[{"embeddable":true,"href":"https:\/\/estasenrestrepo.com\/en\/wp-json\/wp\/v2\/users\/1"}],"replies":[{"embeddable":true,"href":"https:\/\/estasenrestrepo.com\/en\/wp-json\/wp\/v2\/comments?post=28"}],"version-history":[{"count":42,"href":"https:\/\/estasenrestrepo.com\/en\/wp-json\/wp\/v2\/pages\/28\/revisions"}],"predecessor-version":[{"id":972,"href":"https:\/\/estasenrestrepo.com\/en\/wp-json\/wp\/v2\/pages\/28\/revisions\/972"}],"wp:attachment":[{"href":"https:\/\/estasenrestrepo.com\/en\/wp-json\/wp\/v2\/media?parent=28"}],"curies":[{"name":"wp","href":"https:\/\/api.w.org\/{rel}","templated":true}]}}