{"id":993,"date":"2025-09-25T10:21:00","date_gmt":"2025-09-25T10:21:00","guid":{"rendered":"https:\/\/estasenrestrepo.com\/?page_id=993"},"modified":"2025-09-25T10:47:31","modified_gmt":"2025-09-25T10:47:31","slug":"contacto","status":"publish","type":"page","link":"https:\/\/estasenrestrepo.com\/en\/contacto\/","title":{"rendered":"CONTACT"},"content":{"rendered":"<div data-elementor-type=\"wp-page\" data-elementor-id=\"993\" class=\"elementor elementor-993\">\n\t\t\t\t<div class=\"elementor-element elementor-element-6ef67dd2 e-con-full e-flex e-con e-parent\" data-id=\"6ef67dd2\" data-element_type=\"container\">\n\t\t<div class=\"elementor-element elementor-element-57ea7294 e-flex e-con-boxed e-con e-child\" data-id=\"57ea7294\" data-element_type=\"container\">\n\t\t\t\t\t<div class=\"e-con-inner\">\n\t\t<div class=\"elementor-element elementor-element-51e24cb5 e-flex e-con-boxed e-con e-child\" data-id=\"51e24cb5\" data-element_type=\"container\">\n\t\t\t\t\t<div class=\"e-con-inner\">\n\t\t\t\t<div class=\"elementor-element elementor-element-15e252f4 elementor-widget elementor-widget-text-editor\" data-id=\"15e252f4\" data-element_type=\"widget\" data-widget_type=\"text-editor.default\">\n\t\t\t\t\t\t\t\t\t<h1>Ultramarinos<\/h1>\n<p><\/p>\n<p>Av. de la Costa 8, 33730 Grandas de Salime, Asturias.<br><span style=\"font-size: inherit; letter-spacing: 0px;\">Phone Number:&nbsp;<\/span><span style=\"font-size: inherit; letter-spacing: 0px;\">613 046 559<\/span><\/p>\n<p><!-- notionvc: eba1d03a-0415-4569-aae1-e930840cc29b --><\/p>\t\t\t\t\t\t\t\t<\/div>\n\t\t\t\t\t<\/div>\n\t\t\t\t<\/div>\n\t\t\t\t\t<\/div>\n\t\t\t\t<\/div>\n\t\t<div class=\"elementor-element elementor-element-bf35965 e-flex e-con-boxed e-con e-child\" data-id=\"bf35965\" data-element_type=\"container\">\n\t\t\t\t\t<div class=\"e-con-inner\">\n\t\t<div class=\"elementor-element elementor-element-a3af77b e-flex e-con-boxed e-con e-child\" data-id=\"a3af77b\" data-element_type=\"container\">\n\t\t\t\t\t<div class=\"e-con-inner\">\n\t\t\t\t<div class=\"elementor-element elementor-element-4ff6caa elementor-widget elementor-widget-text-editor\" data-id=\"4ff6caa\" data-element_type=\"widget\" data-widget_type=\"text-editor.default\">\n\t\t\t\t\t\t\t\t\t<h1>Accommodations<\/h1>\n<p><span style=\"background-color: rgb(255, 255, 255); font-family: Roboto, sans-serif; font-size: 14px; font-style: normal; font-weight: 400; letter-spacing: 0px;\">Av. de la Costa 4, 33730 Grandas de Salime, Asturias.<br><\/span>Phone Number:&nbsp;<span style=\"background-color: rgb(255, 255, 255); font-family: Roboto, sans-serif; font-size: 14px; font-style: normal; font-weight: 400; letter-spacing: 0px;\">623 952 879<\/span><\/p>\t\t\t\t\t\t\t\t<\/div>\n\t\t\t\t\t<\/div>\n\t\t\t\t<\/div>\n\t\t\t\t\t<\/div>\n\t\t\t\t<\/div>\n\t\t\t\t<\/div>\n\t\t<div class=\"elementor-element elementor-element-12ec2b68 e-con-full e-flex e-con e-parent\" data-id=\"12ec2b68\" data-element_type=\"container\">\n\t\t\t\t<div class=\"elementor-element elementor-element-6bda28ea elementor-widget elementor-widget-codesymbol-testimonials\" data-id=\"6bda28ea\" data-element_type=\"widget\" data-widget_type=\"codesymbol-testimonials.default\">\n\t\t\t\t<div class=\"elementor-widget-container\">\n\t\t\t\t\t\r\n        <section class=\"testimonials has-background\" style=\"background-image:url(https:\/\/estasenrestrepo.com\/wp-content\/uploads\/2025\/03\/Hotel-Restrespo-32-scaled.jpg);\">\r\n\r\n            <div class=\"row space clearfix\">\r\n                <div class=\"column full\">\r\n\r\n                    <div class=\"section-wrapper-boxed textcenter\">\r\n                    \r\n                        <div class=\"big-title\">\r\n\r\n                                                            <p class=\"subtitle style-border-left-right color-accent\">Your experience is what matters to us the most<\/p>\r\n                                                                <h1 class=\"style-low-margin\">What our visitors say<\/h1>\r\n                                                            \r\n                        <\/div>\r\n\r\n                        <div class=\"divider70 hide-on-mobile\"><\/div>\r\n\r\n                    <\/div>\r\n\r\n                <\/div>\r\n            <\/div>\r\n\r\n            <div class=\"carousel-slider testimonials-slider\" data-allow-mousewheel=\"false\">\r\n                <div class=\"swiper-container\" id=\"testimonials-slider-285716\">\r\n                    \r\n                    <div class=\"swiper-wrapper\">\r\n\r\n                        \r\n                            <article class=\"swiper-slide\">\r\n                                <div class=\"inner\">\r\n\r\n                                    <div class=\"stars\">\r\n                                        <span class=\"icon-fa-star-o\"><\/span>\r\n                                        <span class=\"icon-fa-star-o\"><\/span>\r\n                                        <span class=\"icon-fa-star-o\"><\/span>\r\n                                        <span class=\"icon-fa-star-o\"><\/span>\r\n                                        <span class=\"icon-fa-star-o\"><\/span>\r\n                                    <\/div>\r\n\r\n                                    <div class=\"text\"><p>\"Stage from Las Mesas to Grandas de Salime on the Primitive Way. We stayed at this Hotel. Excellent without a doubt: decoration, cleanliness, quiet. Quality beds. Breakfast, the best we have had on the entire Camino, with a real, authentic Tarta de Santiago. And the attention and advice from the managers, a 10\/10!!! If we ever do the Camino again, we will undoubtedly return.\"<\/p><\/div>\r\n\r\n                                    <div class=\"cite\">\r\n\r\n                                                                                    <span class=\"guest\">Jes\u00fas P\u00e9rez Tocornal<\/span>\r\n                                            \r\n                                        <span class=\"line\"><\/span>\r\n\r\n                                                                                    <span class=\"source\">Google<\/span>\r\n                                            \r\n                                    <\/div>\r\n\r\n                                <\/div>\r\n                            <\/article>\r\n\r\n                            \r\n                            <article class=\"swiper-slide\">\r\n                                <div class=\"inner\">\r\n\r\n                                    <div class=\"stars\">\r\n                                        <span class=\"icon-fa-star-o\"><\/span>\r\n                                        <span class=\"icon-fa-star-o\"><\/span>\r\n                                        <span class=\"icon-fa-star-o\"><\/span>\r\n                                        <span class=\"icon-fa-star-o\"><\/span>\r\n                                        <span class=\"icon-fa-star-o\"><\/span>\r\n                                    <\/div>\r\n\r\n                                    <div class=\"text\"><p>\"From Natalia you can expect anything, and it's always good, but what I found in Grandas de Salime left me 'gobsmacked'. It's beautiful. Natalia, Rub\u00e9n, I wish you all the very best and hope you continue to create beautiful things in the magical and beloved western Asturias.\"<\/p><\/div>\r\n\r\n                                    <div class=\"cite\">\r\n\r\n                                                                                    <span class=\"guest\">Javier N<\/span>\r\n                                            \r\n                                        <span class=\"line\"><\/span>\r\n\r\n                                                                                    <span class=\"source\">Tripadvisor<\/span>\r\n                                            \r\n                                    <\/div>\r\n\r\n                                <\/div>\r\n                            <\/article>\r\n\r\n                            \r\n                            <article class=\"swiper-slide\">\r\n                                <div class=\"inner\">\r\n\r\n                                    <div class=\"stars\">\r\n                                        <span class=\"icon-fa-star-o\"><\/span>\r\n                                        <span class=\"icon-fa-star-o\"><\/span>\r\n                                        <span class=\"icon-fa-star-o\"><\/span>\r\n                                        <span class=\"icon-fa-star-o\"><\/span>\r\n                                        <span class=\"icon-fa-star-o\"><\/span>\r\n                                    <\/div>\r\n\r\n                                    <div class=\"text\"><p>\"Our stay was unbeatable and we felt very much at ease. The owners were very friendly and the rooms were very clean and new. We went with the idea of cycling in the area and they stored our bikes for us without any issue so we didn't have to leave them in the car. The breakfast was also wonderful. We will undoubtedly return.\"<\/p><\/div>\r\n\r\n                                    <div class=\"cite\">\r\n\r\n                                                                                    <span class=\"guest\">Carmen y Juan<\/span>\r\n                                            \r\n                                        <span class=\"line\"><\/span>\r\n\r\n                                                                                    <span class=\"source\">Tripadvisor<\/span>\r\n                                            \r\n                                    <\/div>\r\n\r\n                                <\/div>\r\n                            <\/article>\r\n\r\n                            \r\n                            <article class=\"swiper-slide\">\r\n                                <div class=\"inner\">\r\n\r\n                                    <div class=\"stars\">\r\n                                        <span class=\"icon-fa-star-o\"><\/span>\r\n                                        <span class=\"icon-fa-star-o\"><\/span>\r\n                                        <span class=\"icon-fa-star-o\"><\/span>\r\n                                        <span class=\"icon-fa-star-o\"><\/span>\r\n                                        <span class=\"icon-fa-star-o\"><\/span>\r\n                                    <\/div>\r\n\r\n                                    <div class=\"text\"><p>\"If you are walking the Primitive Way and want a good rest in a beautiful, super clean, central, and economical hotel that is also run by people who treat pilgrims very well, come to this hotel. We did just that and we can only say one thing: Thank you for everything.\"<\/p><\/div>\r\n\r\n                                    <div class=\"cite\">\r\n\r\n                                                                                    <span class=\"guest\">Andr\u00e9s Triana Melero<\/span>\r\n                                            \r\n                                        <span class=\"line\"><\/span>\r\n\r\n                                                                                    <span class=\"source\">Google<\/span>\r\n                                            \r\n                                    <\/div>\r\n\r\n                                <\/div>\r\n                            <\/article>\r\n\r\n                                            \r\n                    <\/div>\r\n\r\n                    <p class=\"swiper-nav-prev\">Prev<\/p>\r\n                    <p class=\"swiper-nav-next\">Next<\/p>\r\n\r\n\r\n                <\/div>\r\n            <\/div>\r\n\r\n            <div class=\"divider80\"><\/div>\r\n\r\n            <div class=\"row no-space textcenter clearfix\">\r\n                <div class=\"column full\">\r\n\r\n                                            <a href=\"https:\/\/www.google.com\/travel\/search?gsas=1&#038;ts=EggKAggDCgIIAxocEhoSFAoHCOkPEAYYBRIHCOkPEAYYBhgBMgIQAA&#038;qs=MiZDaGdJNGMzbXItcS1qNkNrQVJvTEwyY3ZNWFJuTmpsa01Yb1FBUTgQ&#038;ap=ugEHcmV2aWV3cw&#038;ictx=111&#038;cs=1&#038;rlz=1C5CHFA_enES1087ES1087&#038;hl=es&#038;ved=0CAAQ5JsGahcKEwjI6L3w3teNAxUAAAAAHQAAAAAQEA\" class=\"button large outline white no-margin\">View More Reviews<\/a>\r\n                        \r\n                <\/div>\r\n            <\/div>\r\n\r\n        <\/section>\r\n\r\n        \t\t\t\t<\/div>\n\t\t\t\t<\/div>\n\t\t\t\t<\/div>\n\t\t\t\t<\/div>","protected":false},"excerpt":{"rendered":"<p>Ultramarinos Av. de la Costa 8, 33730 Grandas de Salime, Asturias.Tel\u00e9fono:&nbsp;613 046 559 Alojamientos Av. de la Costa 4, 33730 Grandas de Salime, Asturias.Tel\u00e9fono:&nbsp;623 952 879 Vuestra experiencia es lo que m\u00e1s nos importa Lo<br \/><a class=\"read-more\" href=\"https:\/\/estasenrestrepo.com\/en\/contacto\/\">Read More<\/a><\/p>","protected":false},"author":1,"featured_media":0,"parent":0,"menu_order":0,"comment_status":"closed","ping_status":"closed","template":"","meta":{"footnotes":""},"class_list":["post-993","page","type-page","status-publish","hentry"],"_links":{"self":[{"href":"https:\/\/estasenrestrepo.com\/en\/wp-json\/wp\/v2\/pages\/993","targetHints":{"allow":["GET"]}}],"collection":[{"href":"https:\/\/estasenrestrepo.com\/en\/wp-json\/wp\/v2\/pages"}],"about":[{"href":"https:\/\/estasenrestrepo.com\/en\/wp-json\/wp\/v2\/types\/page"}],"author":[{"embeddable":true,"href":"https:\/\/estasenrestrepo.com\/en\/wp-json\/wp\/v2\/users\/1"}],"replies":[{"embeddable":true,"href":"https:\/\/estasenrestrepo.com\/en\/wp-json\/wp\/v2\/comments?post=993"}],"version-history":[{"count":21,"href":"https:\/\/estasenrestrepo.com\/en\/wp-json\/wp\/v2\/pages\/993\/revisions"}],"predecessor-version":[{"id":1015,"href":"https:\/\/estasenrestrepo.com\/en\/wp-json\/wp\/v2\/pages\/993\/revisions\/1015"}],"wp:attachment":[{"href":"https:\/\/estasenrestrepo.com\/en\/wp-json\/wp\/v2\/media?parent=993"}],"curies":[{"name":"wp","href":"https:\/\/api.w.org\/{rel}","templated":true}]}}